{"id":18897,"date":"2019-01-07T10:29:39","date_gmt":"2019-01-07T10:29:39","guid":{"rendered":"https:\/\/foodhub.modeltheme.com\/?page_id=18897"},"modified":"2023-01-24T00:13:56","modified_gmt":"2023-01-24T00:13:56","slug":"about-us","status":"publish","type":"page","link":"https:\/\/afrofoodblog.ca\/index.php\/about-us\/","title":{"rendered":"\u00c0 propos"},"content":{"rendered":"<section class=\"wpb-content-wrapper\"><p>[vc_row css=&#8221;.vc_custom_1672444807417{margin-top: 100px !important;margin-bottom: 0px !important;background-image: url(http:\/\/afrofoodblog.ca\/wp-content\/uploads\/2022\/12\/fuj-4.png?id=21279) !important;background-position: center !important;background-repeat: no-repeat !important;background-size: cover !important;}&#8221;][vc_column width=&#8221;1\/2&#8243; css=&#8221;.vc_custom_1672442629037{background-position: center !important;background-repeat: no-repeat !important;background-size: contain !important;}&#8221;][vc_tta_tabs color=&#8221;black&#8221; active_section=&#8221;1&#8243;][vc_tta_section title=&#8221;Appros&#8221; tab_id=&#8221;1672438113190-584036d9-e4f8&#8243;][vc_column_text]<\/p>\n<div class=\"w-full border-b border-black\/10 dark:border-gray-900\/50 text-gray-800 dark:text-gray-100 group bg-gray-50 dark:bg-[#444654]\">\n<div class=\"text-base gap-4 md:gap-6 m-auto md:max-w-2xl lg:max-w-2xl xl:max-w-3xl p-4 md:py-6 flex lg:px-0\">\n<div class=\"relative flex w-[calc(100%-50px)] md:flex-col lg:w-[calc(100%-115px)]\">\n<div class=\"flex flex-grow flex-col gap-3\">\n<div class=\"min-h-[20px] flex flex-col items-start gap-4 whitespace-pre-wrap\">\n<div class=\"markdown prose w-full break-words dark:prose-invert light\">\n<p>Bienvenue sur Saveurs et Couleurs, votre webzine d\u00e9di\u00e9 principalement \u00e0 la gastronomie afro-cara\u00efbe!<\/p>\n<p>Nous sommes passionn\u00e9s par les saveurs et la diversit\u00e9 de la gastronomie afro-cara\u00efbe et souhaitons les partager avec vous. Nous mettons en avant les richesses de cette gastronomie, montrons comment elle peut \u00eatre adapt\u00e9e et incorpor\u00e9e \u00e0 la cuisine qu\u00e9b\u00e9coise, et offrons un support aux acteurs de cette gastronomie pour qu&#8217;ils puissent s&#8217;exprimer et faire conna\u00eetre leur savoir-faire.<\/p>\n<p>Nous vous proposons des recettes traditionnelles ainsi que des adaptations originales qui mettent en valeur les produits locaux et les ingr\u00e9dients de saison.<\/p>\n<p>Avec nos diff\u00e9rents m\u00e9dias, nous vous invitons \u00e0 d\u00e9couvrir de nouvelles saveurs exotiques \u00e0 travers des \u00e9missions, des articles, des \u00e9v\u00e9nements, des ateliers, etc. Nous esp\u00e9rons que notre webzine vous donnera envie de d\u00e9couvrir de nouvelles saveurs et vous fera voyager !<\/p>\n<\/div>\n<\/div>\n<\/div>\n<\/div>\n<\/div>\n<\/div>\n<p>[\/vc_column_text][\/vc_tta_section][vc_tta_section title=&#8221;Mission&#8221; tab_id=&#8221;1672438113191-91994d50-b0eb&#8221;][vc_column_text]<\/p>\n<ul>\n<li>Promouvoir les produits de la gastronomie afro pour mieux soutenir le d\u00e9veloppement de nos acteurs \u00e9conomiques qu\u00e9b\u00e9cois.<\/li>\n<li>Rendre la cuisine afro accessible \u00e0 tous par des recettes adapt\u00e9es aux besoins de plats authentiques, \u00e9quilibr\u00e9s et \u00e9cologiques.<\/li>\n<li>D\u00e9monter les pr\u00e9jug\u00e9s autour de la gastronomie afro, qui rendent la vie difficile \u00e0 ses restaurateurs et traiteurs.<\/li>\n<li>Participer \u00e0 la diversit\u00e9 culinaire du Qu\u00e9bec.<\/li>\n<li>Offrir aux consommateurs un m\u00e9dia gourmand qui r\u00e9pond \u00e0 leurs diff\u00e9rentes questions autour de cette gastronomie.<\/li>\n<li>Organiser des \u00e9v\u00e9nements festifs et gourmands.<\/li>\n<\/ul>\n<p>[\/vc_column_text][vc_empty_space][\/vc_tta_section][vc_tta_section title=&#8221;Valeurs&#8221; tab_id=&#8221;1672438124001-9d15ebf6-7aac&#8221;][vc_column_text]<\/p>\n<ul>\n<li>Participer \u00e0 diversit\u00e9 culinaire, culturelle et artistique du Qu\u00e9bec de mani\u00e8re inclusive et \u00e9coresponsable.<\/li>\n<li>Promouvoir l\u2019entrepreneuriat autour de l&#8217;alimentation.<\/li>\n<li>Cr\u00e9er une \u00e9conomie circulaire b\u00e9n\u00e9fique \u00e0 notre soci\u00e9t\u00e9 tout en soutenant des groupements de femmes d\u2019Afrique, qui occupent principalement le secteur de la transformation et qui sont les principaux fournisseurs de produits afros en Occident.<\/li>\n<\/ul>\n<p>[\/vc_column_text][\/vc_tta_section][\/vc_tta_tabs][vc_single_image image=&#8221;21277&#8243; img_size=&#8221;1000&#215;600&#8243; add_caption=&#8221;yes&#8221; alignment=&#8221;center&#8221; title=&#8221;Ce que vous allez d\u00e9couvrir !&#8221; css=&#8221;.vc_custom_1672444467316{background-color: #ffffff !important;background-position: center !important;background-repeat: no-repeat !important;background-size: contain !important;border-radius: 15px !important;}&#8221;][vc_empty_space][\/vc_column][vc_column width=&#8221;1\/2&#8243;]<div id=\"mt_ico_filters_69fb345ca6ac6\" class=\"iconfilter-shortcode wow  \"><div class=\"row\"><div class=\"foodhub-main-content\"><section class=\"foodhub-gallery\"><div class=\"col-md-12 iconfilter-listing\"><div class=\"ico-cat-parent big-parent row\"><div class=\"clearfix\"><\/div><\/div><\/div><\/section><\/div><\/div><\/div>[vc_single_image image=&#8221;21727&#8243; img_size=&#8221;1000x 300&#8243; add_caption=&#8221;yes&#8221; alignment=&#8221;center&#8221; style=&#8221;vc_box_rounded&#8221; css_animation=&#8221;zoomIn&#8221; css=&#8221;.vc_custom_1672444736305{background-position: center !important;background-repeat: no-repeat !important;background-size: cover !important;}&#8221;][vc_tta_tour section_title_tag=&#8221;h5&#8243; style=&#8221;modern&#8221; shape=&#8221;square&#8221; color=&#8221;black&#8221; active_section=&#8221;1&#8243;][vc_tta_section title=&#8221;Articles&#8221; tab_id=&#8221;1672440841888-576d8e6e-1ef3&#8243;][vc_column_text]La gastronomie afro est peu populaire \u00e0 cause des nombreux pr\u00e9jug\u00e9s autour d\u2019elle et du manque de support pour permettre \u00e0 ses acteurs de valoriser leurs talents, alors qu\u2019elle m\u00e9rite d\u2019\u00eatre vulgaris\u00e9e pour r\u00e9pondre aux habitudes de consommation actuelle. D\u2019ailleurs, elle peut \u00eatre une d\u00e9licieuse alternative pour les personnes qui sont \u00e0 la recherche de recettes de types sans gluten ou v\u00e9gan.<\/p>\n<p>\u00c0 travers ce blog, vous aurez des articles vari\u00e9s pour mieux connaitre les ingr\u00e9dients utilis\u00e9s dans la gastronomie afro ainsi que les endroits o\u00f9 se les procurer partout au Canada. De plus, vous aurez des th\u00e8mes sur les \u00e9v\u00e9nements gourmands, les diff\u00e9rentes \u00e9piceries, et les meilleurs restaurants et traiteurs partout au Canada.[\/vc_column_text][\/vc_tta_section][vc_tta_section title=&#8221;Des \u00e9v\u00e9nements&#8221; tab_id=&#8221;1672440841888-df733648-923f&#8221;][vc_column_text]<em>Dans le but de promouvoir les acteurs \u00e9conomiques qu\u00e9b\u00e9cois \u0153uvrant dans le secteur de la gastronomie afro, Afrofood vous propose des \u00e9v\u00e9nements culinaires festifs adapt\u00e9s aux quatre saisons.<\/em>[\/vc_column_text][\/vc_tta_section][vc_tta_section title=&#8221;Promotion&#8221; tab_id=&#8221;1672441190152-7375b7db-9d8b&#8221;][vc_column_text]<em>Des espaces de promotion pour vous exprimer et valoriser votre expertise <\/em>[\/vc_column_text][\/vc_tta_section][vc_tta_section title=&#8221;Recettes&#8221; tab_id=&#8221;1672441474518-10bfd927-c7f2&#8243;][vc_column_text]Nous avons constat\u00e9 qu\u2019il est tr\u00e8s difficile de trouver des recettes afros avec des instructions et des mesures qui facilitent leur exp\u00e9rimentation. En effet, la cuisine afro est principalement faite \u00e0 l\u2019\u0153il. Par cons\u00e9quent, il faut \u00eatre un habitu\u00e9 pour la r\u00e9ussir. En r\u00e9ponse \u00e0 cette situation, nous avons travaill\u00e9 avec chef Eva pour rendre accessible cette gastronomie dans ce blog \u00e0 travers des recettes et autres.[\/vc_column_text][\/vc_tta_section][vc_tta_section title=&#8221;Des \u00e9missions&#8221; tab_id=&#8221;1672777794014-cf153845-cd70&#8243;][vc_column_text]Afrofood vous donne \u00e9galement rendez-vous avec tout ce qui touche de pr\u00e8s ou de loin \u00e0 la gastronomie afro \u00e0 travers des \u00e9missions sur des d\u00e9couvertes des restaurants, des traiteurs et des \u00e9piceries, ainsi que les secrets de l\u2019art de la table afro.[\/vc_column_text][\/vc_tta_section][\/vc_tta_tour][vc_empty_space][vc_empty_space][vc_empty_space height=&#8221;60px&#8221;][\/vc_column][\/vc_row][vc_row full_width=&#8221;stretch_row&#8221; css=&#8221;.vc_custom_1580815959828{margin-bottom: 0px !important;padding-top: 25px !important;padding-bottom: 75px !important;background-image: url(https:\/\/foodhub.modeltheme.com\/wp-content\/uploads\/2020\/02\/dark-background-row-bw2.jpg?id=20735) !important;}&#8221;][vc_column width=&#8221;1\/4&#8243;]<div class=\"stats-block statistics wow no_animation \"><div class=\"stats-img\"><\/div><div class=\"stats-content percentage\" data-perc=\"10\"><span class=\"skill-count\" style=\"color: #ffffff\">10<\/span><p style=\"color: #e0e0e0\">Recettes uniques sur AfroFodblog<\/p><\/div><\/div>[\/vc_column][vc_column width=&#8221;1\/4&#8243;]<div class=\"stats-block statistics wow no_animation \"><div class=\"stats-img\"><\/div><div class=\"stats-content percentage\" data-perc=\"1362\"><span class=\"skill-count\" style=\"color: #ffffff\">1362<\/span><p style=\"color: #e0e0e0\">Abonn\u00e9s<\/p><\/div><\/div>[\/vc_column][vc_column width=&#8221;1\/4&#8243;]<div class=\"stats-block statistics wow no_animation \"><div class=\"stats-img\"><\/div><div class=\"stats-content percentage\" data-perc=\"5000\"><span class=\"skill-count\" style=\"color: #ffffff\">5000<\/span><p style=\"color: #e0e0e0\">Visiteurs par jour en moyenne<\/p><\/div><\/div>[\/vc_column][vc_column width=&#8221;1\/4&#8243;]<div class=\"stats-block statistics wow no_animation \"><div class=\"stats-img\"><\/div><div class=\"stats-content percentage\" data-perc=\"600\"><span class=\"skill-count\" style=\"color: #ffffff\">600<\/span><p style=\"color: #e0e0e0\">Membres de la Communaut\u00e9<\/p><\/div><\/div>[\/vc_column][\/vc_row]<\/p>\n<\/section>","protected":false},"excerpt":{"rendered":"<p>[vc_row css=&#8221;.vc_custom_1672444807417{margin-top: 100px !important;margin-bottom: 0px !important;background-image: url(http:\/\/afrofoodblog.ca\/wp-content\/uploads\/2022\/12\/fuj-4.png?id=21279) !important;background-position: center !important;background-repeat: no-repeat !important;background-size: cover !important;}&#8221;][vc_column width=&#8221;1\/2&#8243; css=&#8221;.vc_custom_1672442629037{background-position: center !important;background-repeat: no-repeat !important;background-size: contain !important;}&#8221;][vc_tta_tabs color=&#8221;black&#8221; active_section=&#8221;1&#8243;][vc_tta_section title=&#8221;Appros&#8221; tab_id=&#8221;1672438113190-584036d9-e4f8&#8243;][vc_column_text] [&hellip;]<\/p>\n","protected":false},"author":1,"featured_media":0,"parent":0,"menu_order":0,"comment_status":"closed","ping_status":"closed","template":"","meta":{"footnotes":""},"class_list":["post-18897","page","type-page","status-publish","hentry"],"_links":{"self":[{"href":"https:\/\/afrofoodblog.ca\/index.php\/wp-json\/wp\/v2\/pages\/18897","targetHints":{"allow":["GET"]}}],"collection":[{"href":"https:\/\/afrofoodblog.ca\/index.php\/wp-json\/wp\/v2\/pages"}],"about":[{"href":"https:\/\/afrofoodblog.ca\/index.php\/wp-json\/wp\/v2\/types\/page"}],"author":[{"embeddable":true,"href":"https:\/\/afrofoodblog.ca\/index.php\/wp-json\/wp\/v2\/users\/1"}],"replies":[{"embeddable":true,"href":"https:\/\/afrofoodblog.ca\/index.php\/wp-json\/wp\/v2\/comments?post=18897"}],"version-history":[{"count":10,"href":"https:\/\/afrofoodblog.ca\/index.php\/wp-json\/wp\/v2\/pages\/18897\/revisions"}],"predecessor-version":[{"id":21958,"href":"https:\/\/afrofoodblog.ca\/index.php\/wp-json\/wp\/v2\/pages\/18897\/revisions\/21958"}],"wp:attachment":[{"href":"https:\/\/afrofoodblog.ca\/index.php\/wp-json\/wp\/v2\/media?parent=18897"}],"curies":[{"name":"wp","href":"https:\/\/api.w.org\/{rel}","templated":true}]}}