{"id":20944,"date":"2020-02-19T14:02:44","date_gmt":"2020-02-19T14:02:44","guid":{"rendered":"https:\/\/foodhub.modeltheme.com\/?page_id=20944"},"modified":"2023-01-07T21:23:53","modified_gmt":"2023-01-07T21:23:53","slug":"posts-and-categories","status":"publish","type":"page","link":"https:\/\/afrofoodblog.ca\/index.php\/posts-and-categories\/","title":{"rendered":"Publications &#038; Cat\u00e9gories"},"content":{"rendered":"<section class=\"wpb-content-wrapper\"><p>[vc_row full_width=&#8221;stretch_row&#8221; css=&#8221;.vc_custom_1580291324698{margin-bottom: 0px !important;padding-top: 60px !important;padding-bottom: 50px !important;background-color: #fafafa !important;}&#8221;][vc_column]<div class=\"title-subtile-holder  animateIn text_center\" data-animate=\"no_animation\"><h1 style=\"color: #151515;\" class=\"section-title custom_color\">Venant du blog<\/h1><p style=\"color: #808080;\" class=\"section-subtitle custom_color\"><\/p><\/div>[vc_empty_space height=&#8221;45px&#8221;][vc_row_inner css=&#8221;.vc_custom_1570439646763{margin-bottom: 0px !important;}&#8221;][vc_column_inner width=&#8221;1\/3&#8243;]<div style=\"background-color:#fdc507\" class=\"category-list-shortcode-wrapper\"><h3 class=\"category-list-title\">Categories:<\/h3><div class=\"category-list-shortcode category-list-0\"><div class=\"cat-icon\"><img decoding=\"async\" alt=\"cat-icon\" class=\"cat-icon\" src=\"https:\/\/afrofoodblog.ca\/wp-content\/plugins\/modeltheme-listings-manager\/inc\/cmb2\/images\/categories-placeholder.png\"><\/div><div class=\"cat-info\"><a class=\"cat-name\" href=\"https:\/\/afrofoodblog.ca\/index.php\/category\/actualites\/\">Actualit\u00e9s<\/a><span class=\"count-posts\">3 Posts<\/span><\/div><\/div><div class=\"category-list-shortcode category-list-1\"><div class=\"cat-icon\"><img decoding=\"async\" alt=\"cat-icon\" class=\"cat-icon\" src=\"https:\/\/afrofoodblog.ca\/wp-content\/plugins\/modeltheme-listings-manager\/inc\/cmb2\/images\/categories-placeholder.png\"><\/div><div class=\"cat-info\"><a class=\"cat-name\" href=\"https:\/\/afrofoodblog.ca\/index.php\/category\/aliments\/\">Aliments<\/a><span class=\"count-posts\">3 Posts<\/span><\/div><\/div><div class=\"category-list-shortcode category-list-2\"><div class=\"cat-icon\"><img decoding=\"async\" alt=\"cat-icon\" class=\"cat-icon\" src=\"https:\/\/afrofoodblog.ca\/wp-content\/plugins\/modeltheme-listings-manager\/inc\/cmb2\/images\/categories-placeholder.png\"><\/div><div class=\"cat-info\"><a class=\"cat-name\" href=\"https:\/\/afrofoodblog.ca\/index.php\/category\/sante-et-bien-etre\/\">Sant\u00e9 et bien \u00eatre<\/a><span class=\"count-posts\">3 Posts<\/span><\/div><\/div><div class=\"category-list-shortcode category-list-3\"><div class=\"cat-icon\"><img decoding=\"async\" alt=\"cat-icon\" class=\"cat-icon\" src=\"https:\/\/afrofoodblog.ca\/wp-content\/plugins\/modeltheme-listings-manager\/inc\/cmb2\/images\/categories-placeholder.png\"><\/div><div class=\"cat-info\"><a class=\"cat-name\" href=\"https:\/\/afrofoodblog.ca\/index.php\/category\/les-petits-loulous\/\">Les petits loulous<\/a><span class=\"count-posts\">3 Posts<\/span><\/div><\/div><div class=\"category-list-shortcode category-list-4\"><div class=\"cat-icon\"><img decoding=\"async\" alt=\"cat-icon\" class=\"cat-icon\" src=\"https:\/\/afrofoodblog.ca\/wp-content\/plugins\/modeltheme-listings-manager\/inc\/cmb2\/images\/categories-placeholder.png\"><\/div><div class=\"cat-info\"><a class=\"cat-name\" href=\"https:\/\/afrofoodblog.ca\/index.php\/category\/kitchen\/\">Cuisine<\/a><span class=\"count-posts\">2 Posts<\/span><\/div><\/div><\/div>[\/vc_column_inner][vc_column_inner width=&#8221;2\/3&#8243; css=&#8221;.vc_custom_1580291314512{margin-bottom: 0px !important;}&#8221;]<div class=\"blog-posts simple-posts blog-posts-shortcode wow fadeIn\"><div class=\"row\"><div class=\"vc_col-sm-6\">\n                      <article class=\"single-post list-view\">\n                        <div class=\"blog_custom\">\n\n\n                          <!-- POST THUMBNAIL -->\n                          <div class=\"col-md-12 post-thumbnail\">\n                              <a class=\"relative\" href=\"https:\/\/afrofoodblog.ca\/index.php\/2023\/08\/22\/la-calebasse-comme-ustensile-de-cuisine\/\"><img decoding=\"async\" class=\"blog_post_image\" src=\"https:\/\/afrofoodblog.ca\/wp-content\/uploads\/2023\/08\/Culture-calebasse-tradition-saladier-recipient-gourde-kora-instrument-musique-LEUKSENEGAL-Dakar-Senegal-Afrique-Le-lekett-ou-calebasse-senegalaise-600x375.jpg\" alt=\"La calebasse comme ustensile de cuisine\" \/><\/a>\n                          <\/div>\n\n                          <!-- POST DETAILS -->\n                          <div class=\"post-details col-md-12\">\n\n                          <div class=\"title-n-excerpt\"><h3 class=\"post-name row\">\n                              <a href=\"https:\/\/afrofoodblog.ca\/index.php\/2023\/08\/22\/la-calebasse-comme-ustensile-de-cuisine\/\" title=\"La calebasse comme ustensile de cuisine\">La calebasse comme ustensile de<\/a>\n                            <\/h3>\n                            <div class=\"post-excerpt row\">\n                                <p>\n<p>La calebasse est souvent utilis\u00e9e comme ustensile de cuisine en Afrique de l&#8217;Ouest et de l&#8217;Est. Elle est g\u00e9n\u00e9ralement utilis\u00e9e<\/p>\n                            <\/div>\n                          <\/div>\n\n\n\n                          <\/div>\n\n                          \n\n                        <\/div>\n                      <\/article>\n                    <\/div><div class=\"vc_col-sm-6\">\n                      <article class=\"single-post list-view\">\n                        <div class=\"blog_custom\">\n\n\n                          <!-- POST THUMBNAIL -->\n                          <div class=\"col-md-12 post-thumbnail\">\n                              <a class=\"relative\" href=\"https:\/\/afrofoodblog.ca\/index.php\/2023\/01\/08\/la-gastronomie-afro-caribeenne-une-richesse-culinaire-a-explorer\/\"><img decoding=\"async\" class=\"blog_post_image\" src=\"https:\/\/afrofoodblog.ca\/wp-content\/uploads\/2023\/01\/23-625x375.png\" alt=\"<strong>La gastronomie afro-carib\u00e9enne : une richesse culinaire \u00e0 explorer<\/strong>\" \/><\/a>\n                          <\/div>\n\n                          <!-- POST DETAILS -->\n                          <div class=\"post-details col-md-12\">\n\n                          <div class=\"title-n-excerpt\"><h3 class=\"post-name row\">\n                              <a href=\"https:\/\/afrofoodblog.ca\/index.php\/2023\/01\/08\/la-gastronomie-afro-caribeenne-une-richesse-culinaire-a-explorer\/\" title=\"<strong>La gastronomie afro-carib\u00e9enne : une richesse culinaire \u00e0 explorer<\/strong>\"><strong>La gastronomie afro-carib\u00e9enne : une<\/a>\n                            <\/h3>\n                            <div class=\"post-excerpt row\">\n                                <p>\n<p>La gastronomie afro est l&#8217;une des plus diverses et des plus riches au monde, refl\u00e9tant la diversit\u00e9 culturelle de l&#8217;Afrique<\/p>\n                            <\/div>\n                          <\/div>\n\n\n\n                          <\/div>\n\n                          \n\n                        <\/div>\n                      <\/article>\n                    <\/div><\/div><\/div>[\/vc_column_inner][\/vc_row_inner][\/vc_column][\/vc_row]<\/p>\n<\/section>","protected":false},"excerpt":{"rendered":"<p>[vc_row full_width=&#8221;stretch_row&#8221; css=&#8221;.vc_custom_1580291324698{margin-bottom: 0px !important;padding-top: 60px !important;padding-bottom: 50px !important;background-color: #fafafa !important;}&#8221;][vc_column][vc_empty_space height=&#8221;45px&#8221;][vc_row_inner css=&#8221;.vc_custom_1570439646763{margin-bottom: 0px !important;}&#8221;][vc_column_inner width=&#8221;1\/3&#8243;][\/vc_column_inner][vc_column_inner width=&#8221;2\/3&#8243; css=&#8221;.vc_custom_1580291314512{margin-bottom: 0px !important;}&#8221;][\/vc_column_inner][\/vc_row_inner][\/vc_column][\/vc_row]<\/p>\n","protected":false},"author":1,"featured_media":0,"parent":0,"menu_order":0,"comment_status":"closed","ping_status":"closed","template":"","meta":{"footnotes":""},"class_list":["post-20944","page","type-page","status-publish","hentry"],"_links":{"self":[{"href":"https:\/\/afrofoodblog.ca\/index.php\/wp-json\/wp\/v2\/pages\/20944","targetHints":{"allow":["GET"]}}],"collection":[{"href":"https:\/\/afrofoodblog.ca\/index.php\/wp-json\/wp\/v2\/pages"}],"about":[{"href":"https:\/\/afrofoodblog.ca\/index.php\/wp-json\/wp\/v2\/types\/page"}],"author":[{"embeddable":true,"href":"https:\/\/afrofoodblog.ca\/index.php\/wp-json\/wp\/v2\/users\/1"}],"replies":[{"embeddable":true,"href":"https:\/\/afrofoodblog.ca\/index.php\/wp-json\/wp\/v2\/comments?post=20944"}],"version-history":[{"count":3,"href":"https:\/\/afrofoodblog.ca\/index.php\/wp-json\/wp\/v2\/pages\/20944\/revisions"}],"predecessor-version":[{"id":21820,"href":"https:\/\/afrofoodblog.ca\/index.php\/wp-json\/wp\/v2\/pages\/20944\/revisions\/21820"}],"wp:attachment":[{"href":"https:\/\/afrofoodblog.ca\/index.php\/wp-json\/wp\/v2\/media?parent=20944"}],"curies":[{"name":"wp","href":"https:\/\/api.w.org\/{rel}","templated":true}]}}